{"id":3,"date":"2020-09-14T19:59:10","date_gmt":"2020-09-14T19:59:10","guid":{"rendered":"https:\/\/es.bbglobal.mx\/?page_id=3"},"modified":"2020-10-12T23:17:40","modified_gmt":"2020-10-12T23:17:40","slug":"privacy-policy","status":"publish","type":"page","link":"https:\/\/es.bbglobal.mx\/?page_id=3","title":{"rendered":"Aviso de Privacidad"},"content":{"rendered":"<div class=\"bt_bb_wrapper\"><section id=\"bt_bb_section69e5a8705764a\"  class=\"bt_bb_section bt_bb_layout_boxed_1200\" ><div class=\"bt_bb_port\"><div class=\"bt_bb_cell\"><div class=\"bt_bb_cell_inner\"><div class=\"bt_bb_row_wrapper\"><div  class=\"bt_bb_row\" ><div  class=\"bt_bb_column col-md-12 col-ms-12 bt_bb_align_left bt_bb_vertical_align_top bt_bb_padding_normal\"  data-width=\"12\"><div class=\"bt_bb_column_content\"><div class=\"bt_bb_separator bt_bb_top_spacing_large bt_bb_border_style_none\"><\/div><div  class=\"bt_bb_text\" ><p>AVISO DE PRIVACIDAD<\/p>\n<p>Con fundamento en los art\u00edculos 15, 16, y dem\u00e1s aplicables de la Ley Federal de Protecci\u00f3n de Datos Personales en Posesi\u00f3n de los Particulares, se le hace entrega del presente \u201cAviso de Privacidad\u201d, por lo que se le informa lo siguiente:<\/p>\n<p>La entidad responsable que recaba sus datos B&amp;B Global Consultores, S.C. (en lo sucesivo \u201cB&amp;B\u201d), con domicilio en Rio Rhin 22 interior 704, Col. Cuauht\u00e9moc, Alcald\u00eda Cuauht\u00e9moc, C.P. 06500, en la Ciudad de M\u00e9xico. La informaci\u00f3n que se recaba (o se ha recabado) ser\u00e1 el responsable del tratamiento, uso, almacenamiento y transferencia de su informaci\u00f3n personal, dicha informaci\u00f3n podr\u00e1 incluir: nombre completo, edad, domicilio, g\u00e9nero, RFC, CURP, direcci\u00f3n de correo electr\u00f3nico, n\u00fameros telef\u00f3nicos, copia de identificaci\u00f3n oficial (pasaporte, credencial de elector, c\u00e9dula profesional, copia de documento migratorio), as\u00ed como grabaciones de video en las instalaciones de B&amp;B, (en lo sucesivo \u201cDatos Personales\u201d). El tratamiento de la informaci\u00f3n que har\u00e1 B&amp;B consiste de manera enunciativa en lo siguiente:<\/p>\n<p>\u2022 Registrar y almacenar la informaci\u00f3n personal en los sistemas manuales y\/o el\u00e9ctricos o cualquier otro dispositivo que determine B&amp;B<br \/>\n\u2022 Solo para contactar aquellas personas que lo hayan solicitado.<br \/>\n\u2022 Contrataci\u00f3n de los servicios profesionales que ofrece B&amp;B<br \/>\n\u2022 Responder solicitudes de informaci\u00f3n para la prestaci\u00f3n de servicios profesionales.<br \/>\n\u2022 Seguimiento oportuno a servicios profesionales que se hayan contratado con la B&amp;B.<br \/>\n\u2022 Las correspondiente labores de facturaci\u00f3n, aclaraciones y seguimiento de cobro por los servicios prestados.<br \/>\n\u2022 Env\u00edo de informaci\u00f3n, boletines, noticias fiscales, temas de inter\u00e9s para usted, asi como publicidad relacionada de B&amp;B.<br \/>\n\u2022 Env\u00edo de notificaciones informando cambios en este Aviso de Privacidad.<br \/>\n\u2022 Dar cumplimiento a las obligaciones contra\u00eddas con el titular de los Datos Personales.<br \/>\n\u2022 Control de acceso, registro de visitantes y vigilancia de las oficinas de B&amp;B<br \/>\n\u2022 Elaborar estad\u00edsticas del inventario de capital humano y crear perfiles por experiencia laboral, formaci\u00f3n acad\u00e9mica, desarrollo y crecimiento laboral, competencias y \u00e1reas de adscripci\u00f3n, que permita el an\u00e1lisis de la informaci\u00f3n y su presentaci\u00f3n para candidatos potenciales de ser contratados por B&amp;B.<br \/>\n\u2022 Solicitar bienes y servicios a empresas p\u00fablicas y privadas para cumplir con las obligaciones laborales establecidas por la legislaci\u00f3n laboral y en las pol\u00edticas de recursos humanos vigentes en B&amp;.<br \/>\n\u2022 Atender los requerimientos de informaci\u00f3n de las instituciones de seguros, salud y protecci\u00f3n civil, urgencia m\u00e9dica o situaciones de emergencia dentro o fuera de las instalaciones de B&amp;B.<br \/>\n\u2022 Atender los requerimientos de informaci\u00f3n de las \u00e1reas internas y despachos de consultor\u00eda para la emisi\u00f3n de certificados, dict\u00e1menes y\/o actas de auditor\u00edas de los procesos operativos, administrativos y financieros de B&amp;B.<\/p>\n<p>De conformidad con lo dispuesto en la Ley Federal de protecci\u00f3n de datos personales en posesi\u00f3n de los particulares, B&amp;B garantiza la privacidad de la informaci\u00f3n y limitada su uso, almacenamiento y difusi\u00f3n mediante su debido resguardo f\u00edsico o electr\u00f3nico para el cumplimiento de los objetivos establecidos para el tratamiento de datos personales y datos personales sensibles.<\/p>\n<p>La empresa le comunica que designa como responsable del tratamiento de datos personales a Vianey Ba\u00f1os Santiago, quien comunicar\u00e1 sobre eventuales cambios al presente \u201caviso de privacidad\u201d mediante documento f\u00edsico, electr\u00f3nico o cualquier otro formato que determine la empresa. Procedimiento para ejercer los derechos \u201cARCO\u201d En t\u00e9rminos de lo establecido en la Ley, usted tiene derecho a ejercer sus derechos de acceso, rectificaci\u00f3n, cancelaci\u00f3n y oposici\u00f3n (ARCO) al tratamiento de sus Datos Personales, mediante la solicitud v\u00eda correo electr\u00f3nico: dpersonales@bbglobal.mx<\/p>\n<p>Recib\u00ed, le\u00ed, entend\u00ed y otorgo mi consentimiento por el simple hecho de mandar mis datos via correo electr\u00f3nico (e-mail), por tel\u00e9fono o mensaje de texto para que como responsable de mis datos proprocionados, B&amp;B Global Consultores, S.C., trate mis datos personales y los conserve bajo las condiciones de confidencialidad y seguridad establecidas en dicho Aviso de Privacidad y la Ley Federal de Protecci\u00f3n de Datos Personales en Posesi\u00f3n de los Particulares.<\/p>\n<\/div><div class=\"bt_bb_separator bt_bb_top_spacing_large bt_bb_border_style_none\"><\/div><\/div><\/div><\/div><\/div><\/div><\/div><\/div><\/section><\/div>","protected":false},"excerpt":{"rendered":"","protected":false},"author":1,"featured_media":0,"parent":0,"menu_order":0,"comment_status":"closed","ping_status":"open","template":"","meta":[],"_links":{"self":[{"href":"https:\/\/es.bbglobal.mx\/index.php?rest_route=\/wp\/v2\/pages\/3"}],"collection":[{"href":"https:\/\/es.bbglobal.mx\/index.php?rest_route=\/wp\/v2\/pages"}],"about":[{"href":"https:\/\/es.bbglobal.mx\/index.php?rest_route=\/wp\/v2\/types\/page"}],"author":[{"embeddable":true,"href":"https:\/\/es.bbglobal.mx\/index.php?rest_route=\/wp\/v2\/users\/1"}],"replies":[{"embeddable":true,"href":"https:\/\/es.bbglobal.mx\/index.php?rest_route=%2Fwp%2Fv2%2Fcomments&post=3"}],"version-history":[{"count":3,"href":"https:\/\/es.bbglobal.mx\/index.php?rest_route=\/wp\/v2\/pages\/3\/revisions"}],"predecessor-version":[{"id":2781,"href":"https:\/\/es.bbglobal.mx\/index.php?rest_route=\/wp\/v2\/pages\/3\/revisions\/2781"}],"wp:attachment":[{"href":"https:\/\/es.bbglobal.mx\/index.php?rest_route=%2Fwp%2Fv2%2Fmedia&parent=3"}],"curies":[{"name":"wp","href":"https:\/\/api.w.org\/{rel}","templated":true}]}}