{"id":2533,"date":"2020-09-16T18:35:50","date_gmt":"2020-09-16T18:35:50","guid":{"rendered":"https:\/\/es.bbglobal.mx\/?page_id=2533"},"modified":"2020-10-11T01:47:24","modified_gmt":"2020-10-11T01:47:24","slug":"audit-assurance","status":"publish","type":"page","link":"https:\/\/es.bbglobal.mx\/?page_id=2533","title":{"rendered":"Auditor\u00eda"},"content":{"rendered":"<div class=\"bt_bb_wrapper\"><section id=\"bt_bb_section69e5a8b925df7\"  data-background_image_src=\"'https:\/\/es.bbglobal.mx\/wp-content\/uploads\/2019\/04\/bgn-cases-2.png'\" class=\"bt_bb_section bt_bb_layout_boxed_1200 bt_bb_vertical_align_top btLazyLoadBackground bt_bb_background_image bt_bb_section_show_left_boxed_content bt_bb_section_with_bottom_coverage_image\" style=\"background-image:url(&#039;https:\/\/es.bbglobal.mx\/wp-content\/plugins\/bold-page-builder\/img\/blank.gif&#039;);background-position:left center;background-size:contain;\"><div class=\"bt_bb_port\"><div class=\"bt_bb_cell\"><div class=\"bt_bb_cell_inner\"><div class=\"bt_bb_row_wrapper\"><div  class=\"bt_bb_row\" ><div  class=\"bt_bb_column col-md-6 col-sm-12 bt_bb_align_left bt_bb_vertical_align_top bt_bb_animation_fade_in animate bt_bb_padding_double\"  data-width=\"6\"><div class=\"bt_bb_column_content\"><div class=\"bt_bb_separator bt_bb_bottom_spacing_medium bt_bb_border_style_none bt_bb_hidden_md bt_bb_hidden_lg\"><\/div><div class=\"bt_bb_separator bt_bb_bottom_spacing_large bt_bb_border_style_none bt_bb_hidden_xs bt_bb_hidden_ms bt_bb_hidden_sm\"><\/div><header class=\"bt_bb_headline bt_bb_dash_top bt_bb_size_large bt_bb_superheadline bt_bb_subheadline bt_bb_align_inherit\"><h2><span class=\"bt_bb_headline_superheadline\">SOLUCIONES BBGLOBAL<\/span><span class=\"bt_bb_headline_content\"><span><u>AUDITOR\u00cdA<\/u><br \/>\r\n<\/span><\/span><\/h2><div class=\"bt_bb_headline_subheadline\">En B&B Global, tenemos como una de nuestras principales \u00e1reas de servicio la auditor\u00eda financiera y fiscal, en virtud de la cual tenemos la posibilidad de validar la informaci\u00f3n relativa, con la finalidad de que los usuarios de esta tomen decisiones sobre bases y par\u00e1metros confiables.<\/div><\/header><div class=\"bt_bb_separator bt_bb_top_spacing_normal bt_bb_bottom_spacing_normal bt_bb_border_style_solid\" style=\"; border-width: 2px\"><\/div><div  class=\"bt_bb_row_inner\" ><div  class=\"bt_bb_column_inner col-md-6 col-sm-12 bt_bb_align_left bt_bb_vertical_align_top\"  data-width=\"6\"><div class=\"bt_bb_column_inner_content\"><div  class=\"bt_bb_text\" ><p>Una de las caracter\u00edsticas relevantes de la informaci\u00f3n financiera es la representaci\u00f3n fiel, por lo que debe ser completa, neutral y libre de errores.<\/p>\n<p>En este sentido, el objetivo de una auditor\u00eda es presentar una opini\u00f3n independiente sobre los estados financieros de la Entidad. La opini\u00f3n incluye si los estados financieros muestran la informaci\u00f3n razonablemente correcta, y si estos han sido preparados adecuadamente de acuerdo con las normatividad financiera.<\/p>\n<\/div><div class=\"bt_bb_separator bt_bb_bottom_spacing_normal bt_bb_border_style_none bt_bb_hidden_md bt_bb_hidden_lg\"><\/div><\/div><\/div><div  class=\"bt_bb_column_inner col-md-6 col-sm-12 bt_bb_align_left bt_bb_vertical_align_top\"  data-width=\"6\"><div class=\"bt_bb_column_inner_content\"><div  class=\"bt_bb_text\" ><p>En muchas ocasiones, y dependiendo del nivel de ingresos, personal o actividades, etc, se requiere una Auditor\u00eda Fiscal, enfocada a revisar el correcto cumplimiento del pago de impuestos o contribuciones de la Empresa.<\/p>\n<\/div><\/div><\/div><\/div><div class=\"bt_bb_separator bt_bb_bottom_spacing_medium bt_bb_border_style_none bt_bb_hidden_md bt_bb_hidden_lg\"><\/div><div class=\"bt_bb_separator bt_bb_bottom_spacing_large bt_bb_border_style_none bt_bb_hidden_xs bt_bb_hidden_ms bt_bb_hidden_sm\"><\/div><\/div><\/div><div  class=\"bt_bb_column col-md-6 col-sm-12 bt_bb_align_left bt_bb_vertical_align_top bt_bb_padding_normal btLazyLoadBackground bt_bb_column_background_image bt_bb_mobile_align_to_both_edges\" style=\"background-image:url(&#039;https:\/\/es.bbglobal.mx\/wp-content\/plugins\/bold-page-builder\/img\/blank.gif&#039;);\" data-background_image_src='https:\/\/es.bbglobal.mx\/wp-content\/uploads\/2020\/09\/auditoria.jpg' data-width=\"6\"><div class=\"bt_bb_column_content\"><div class=\"bt_bb_separator bt_bb_top_spacing_extra_large bt_bb_bottom_spacing_extra_large bt_bb_border_style_none\"><\/div><div class=\"bt_bb_separator bt_bb_top_spacing_extra_large bt_bb_bottom_spacing_extra_large bt_bb_border_style_none\"><\/div><\/div><\/div><\/div><\/div><\/div><\/div><\/div><div class=\"bt_bb_section_bottom_section_coverage_image\"><img src=\"https:\/\/es.bbglobal.mx\/wp-content\/uploads\/2019\/04\/bgn-quotes-bottom.png\" alt=\"bt_bb_section_bottom_section_coverage_image\" \/><\/div><\/section><section id=\"bt_bb_section69e5a8b928612\"  data-background_image_src=\"'https:\/\/es.bbglobal.mx\/wp-content\/uploads\/2019\/04\/bgn-industries.png'\" class=\"bt_bb_section bt_bb_top_spacing_large bt_bb_bottom_spacing_large bt_bb_layout_boxed_1200 bt_bb_vertical_align_top btLazyLoadBackground bt_bb_background_image\" style=\"background-image:url(&#039;https:\/\/es.bbglobal.mx\/wp-content\/plugins\/bold-page-builder\/img\/blank.gif&#039;);background-position:center;background-size:contain;\"><div class=\"bt_bb_port\"><div class=\"bt_bb_cell\"><div class=\"bt_bb_cell_inner\"><div class=\"bt_bb_row_wrapper\"><div  class=\"bt_bb_row\" ><div  class=\"bt_bb_column col-md-6 col-sm-12 bt_bb_align_left bt_bb_vertical_align_top bt_bb_animation_fade_in move_up animate bt_bb_padding_normal\"  data-width=\"6\"><div class=\"bt_bb_column_content\"><header class=\"bt_bb_headline bt_bb_dash_top bt_bb_size_large bt_bb_superheadline bt_bb_subheadline bt_bb_align_inherit\"><h2><span class=\"bt_bb_headline_superheadline\">AUDITOR\u00cdA<\/span><\/h2><div class=\"bt_bb_headline_subheadline\">Realizamos auditorias de:<br \/>\r\nDictamen de estados financieros.<br \/>\r\nAuditor\u00eda para efectos fiscales.<br \/>\r\nRevisi\u00f3n, dise\u00f1o e implementaci\u00f3n de sistemas de control interno.<br \/>\r\nValuaci\u00f3n de negocios (Due dilligence)<br \/>\r\nEmisi\u00f3n de dict\u00e1menes fiscales para efectos federales y locales<br \/>\r\nEmisi\u00f3n de dict\u00e1menes para aportaciones de seguridad social (IMSS e INFONAVIT)<br \/>\r\n<\/div><\/header><div class=\"bt_bb_separator bt_bb_bottom_spacing_medium bt_bb_border_style_none\"><\/div><\/div><\/div><div  class=\"bt_bb_column col-md-6 col-sm-12 bt_bb_align_left bt_bb_vertical_align_top bt_bb_animation_fade_in move_up animate bt_bb_padding_normal\"  data-width=\"6\"><div class=\"bt_bb_column_content\"><\/div><\/div><\/div><\/div><\/div><\/div><\/div><\/section><section id=\"bt_bb_section69e5a8b928b11\"  data-background_image_src=\"'https:\/\/es.bbglobal.mx\/wp-content\/uploads\/2017\/04\/blog-post-14.jpg'\" class=\"bt_bb_section bt_bb_top_spacing_large bt_bb_bottom_spacing_medium bt_bb_layout_boxed_1200 bt_bb_vertical_align_top btLazyLoadBackground bt_bb_background_image bt_bb_background_overlay_light_solid\" style=\"background-image:url(&#039;https:\/\/es.bbglobal.mx\/wp-content\/plugins\/bold-page-builder\/img\/blank.gif&#039;);\"><div class=\"bt_bb_port\"><div class=\"bt_bb_cell\"><div class=\"bt_bb_cell_inner\"><div class=\"bt_bb_row_wrapper\"><div  class=\"bt_bb_row\" ><div  class=\"bt_bb_column col-md-2 col-sm-4 col-ms-12 bt_bb_align_left bt_bb_vertical_align_top bt_bb_padding_normal\"  data-width=\"2\"><div class=\"bt_bb_column_content\"><\/div><\/div><div  class=\"bt_bb_column col-md-8 col-ms-12 bt_bb_align_center bt_bb_vertical_align_top bt_bb_animation_fade_in move_up animate bt_bb_padding_normal\"  data-width=\"8\"><div class=\"bt_bb_column_content\"><header class=\"bt_bb_headline bt_bb_dash_top bt_bb_size_large bt_bb_subheadline bt_bb_align_inherit\"><h2><span class=\"bt_bb_headline_content\"><span><u>Necesitas<\/u> <b>Consultor\u00eda?<\/b><\/span><\/span><\/h2><div class=\"bt_bb_headline_subheadline\">Est\u00e1s en el lugar correcto. Ingresa tus datos para recibir soluciones comerciales y consejos de consultor\u00eda en tu correo.<\/div><\/header><div class=\"bt_bb_separator bt_bb_bottom_spacing_medium bt_bb_border_style_none\"><\/div><div class=\"bt_bb_contact_form_7\"><div role=\"form\" class=\"wpcf7\" id=\"wpcf7-f2030-o1\" lang=\"en-US\" dir=\"ltr\">\n<div class=\"screen-reader-response\" role=\"alert\" aria-live=\"polite\"><\/div>\n<form action=\"\/index.php?rest_route=%2Fwp%2Fv2%2Fpages%2F2533#wpcf7-f2030-o1\" method=\"post\" class=\"wpcf7-form init\" novalidate=\"novalidate\">\n<div style=\"display: none;\">\n<input type=\"hidden\" name=\"_wpcf7\" value=\"2030\" \/>\n<input type=\"hidden\" name=\"_wpcf7_version\" value=\"5.2.2\" \/>\n<input type=\"hidden\" name=\"_wpcf7_locale\" value=\"en_US\" \/>\n<input type=\"hidden\" name=\"_wpcf7_unit_tag\" value=\"wpcf7-f2030-o1\" \/>\n<input type=\"hidden\" name=\"_wpcf7_container_post\" value=\"0\" \/>\n<input type=\"hidden\" name=\"_wpcf7_posted_data_hash\" value=\"\" \/>\n<\/div>\n<div class=\"bt_bb_cf7_form bt_bb_cf7_inline_newsletter_form\">\n<div class=\"bt_bb_cf7_row\">\n<div class=\"bt_bb_cf7_element\"><span class=\"wpcf7-form-control-wrap your-email\"><input type=\"email\" name=\"your-email\" value=\"\" size=\"40\" class=\"wpcf7-form-control wpcf7-text wpcf7-email wpcf7-validates-as-required wpcf7-validates-as-email\" aria-required=\"true\" aria-invalid=\"false\" placeholder=\"Ingresa tu email\" \/><\/span><\/div>\n<div class=\"bt_bb_cf7_button\"><input type=\"submit\" value=\"Suscribirme\" class=\"wpcf7-form-control wpcf7-submit\" \/><\/div>\n<\/div>\n<\/div>\n<div class=\"wpcf7-response-output\" role=\"alert\" aria-hidden=\"true\"><\/div><\/form><\/div><\/div><div class=\"bt_bb_separator bt_bb_bottom_spacing_normal bt_bb_border_style_none\"><\/div><\/div><\/div><div  class=\"bt_bb_column col-md-2 col-sm-4 col-ms-12 bt_bb_align_left bt_bb_vertical_align_top bt_bb_padding_normal\"  data-width=\"2\"><div class=\"bt_bb_column_content\"><\/div><\/div><\/div><\/div><\/div><\/div><\/div><\/section><\/div>","protected":false},"excerpt":{"rendered":"<p>Objectively innovate empowered manufactured products whereas parallel platforms. Holisticly predominate extensible testing procedures for reliable supply chains. Dramatically engage top-line web services vis-a-vis cutting-edge deliverables.<\/p>\n","protected":false},"author":1,"featured_media":1830,"parent":0,"menu_order":0,"comment_status":"closed","ping_status":"closed","template":"","meta":[],"_links":{"self":[{"href":"https:\/\/es.bbglobal.mx\/index.php?rest_route=\/wp\/v2\/pages\/2533"}],"collection":[{"href":"https:\/\/es.bbglobal.mx\/index.php?rest_route=\/wp\/v2\/pages"}],"about":[{"href":"https:\/\/es.bbglobal.mx\/index.php?rest_route=\/wp\/v2\/types\/page"}],"author":[{"embeddable":true,"href":"https:\/\/es.bbglobal.mx\/index.php?rest_route=\/wp\/v2\/users\/1"}],"replies":[{"embeddable":true,"href":"https:\/\/es.bbglobal.mx\/index.php?rest_route=%2Fwp%2Fv2%2Fcomments&post=2533"}],"version-history":[{"count":8,"href":"https:\/\/es.bbglobal.mx\/index.php?rest_route=\/wp\/v2\/pages\/2533\/revisions"}],"predecessor-version":[{"id":2753,"href":"https:\/\/es.bbglobal.mx\/index.php?rest_route=\/wp\/v2\/pages\/2533\/revisions\/2753"}],"wp:featuredmedia":[{"embeddable":true,"href":"https:\/\/es.bbglobal.mx\/index.php?rest_route=\/wp\/v2\/media\/1830"}],"wp:attachment":[{"href":"https:\/\/es.bbglobal.mx\/index.php?rest_route=%2Fwp%2Fv2%2Fmedia&parent=2533"}],"curies":[{"name":"wp","href":"https:\/\/api.w.org\/{rel}","templated":true}]}}