{"id":1601,"date":"2019-04-01T10:20:28","date_gmt":"2019-04-01T10:20:28","guid":{"rendered":"http:\/\/avantage.bold-themes.com\/business\/?page_id=1601"},"modified":"2020-10-15T20:20:55","modified_gmt":"2020-10-15T20:20:55","slug":"contact","status":"publish","type":"page","link":"https:\/\/es.bbglobal.mx\/?page_id=1601","title":{"rendered":"Contacto"},"content":{"rendered":"<div class=\"bt_bb_wrapper\"><section id=\"bt_bb_section69e58f24b0c12\"  data-background_image_src=\"'https:\/\/es.bbglobal.mx\/wp-content\/uploads\/2019\/04\/bgn-cases.png'\" class=\"bt_bb_section bt_bb_top_spacing_large bt_bb_layout_boxed_1200 bt_bb_vertical_align_top btLazyLoadBackground bt_bb_background_image\" style=\"background-image:url(&#039;https:\/\/es.bbglobal.mx\/wp-content\/plugins\/bold-page-builder\/img\/blank.gif&#039;);background-position:right;background-size:auto;\"><div class=\"bt_bb_port\"><div class=\"bt_bb_cell\"><div class=\"bt_bb_cell_inner\"><div class=\"bt_bb_row_wrapper\"><div  class=\"bt_bb_row\" ><div  class=\"bt_bb_column col-md-6 col-sm-12 bt_bb_align_left bt_bb_vertical_align_top bt_bb_animation_fade_in animate bt_bb_padding_normal\"  data-width=\"6\"><div class=\"bt_bb_column_content\"><header class=\"bt_bb_headline bt_bb_dash_top bt_bb_size_large bt_bb_superheadline bt_bb_subheadline bt_bb_align_inherit\"><h2><span class=\"bt_bb_headline_superheadline\">CONT\u00c1CTANOS HOY!<\/span><span class=\"bt_bb_headline_content\"><span><b>D\u00e9janos un<\/b> <u>mensaje<\/u><\/span><\/span><\/h2><div class=\"bt_bb_headline_subheadline\">Visite nuestras oficinas o simplemente env\u00edenos un correo electr\u00f3nico cuando lo desee. Si tiene alguna pregunta, no dude en contactarnos.<\/div><\/header><div class=\"bt_bb_separator bt_bb_top_spacing_small bt_bb_bottom_spacing_medium bt_bb_border_style_none\"><\/div><\/div><\/div><div  class=\"bt_bb_column col-md-6 col-sm-12 bt_bb_align_left bt_bb_vertical_align_top bt_bb_animation_fade_in move_up animate bt_bb_padding_normal\"  data-width=\"6\"><div class=\"bt_bb_column_content\"><div class=\"bt_bb_separator bt_bb_bottom_spacing_extra_small bt_bb_border_style_none\"><\/div><div  class=\"bt_bb_row_inner\" ><div  class=\"bt_bb_column_inner col-md-4 col-ms-12 bt_bb_align_center bt_bb_vertical_align_top bt_bb_padding_normal\"  data-width=\"4\"><div class=\"bt_bb_column_inner_content\"><div class=\"bt_bb_service bt_bb_color_scheme_4 bt_bb_style_borderless bt_bb_size_large bt_bb_shape_circle bt_bb_align_inherit bt_bb_vertical_align_top\"><span  data-ico-businesspeople=\"&#xe901;\" class=\"bt_bb_icon_holder\"><\/span><div class=\"bt_bb_service_content\"><div class=\"bt_bb_service_content_title\"><u>Direcci\u00f3n<\/u><\/div><div class=\"bt_bb_service_content_text\">Rio Rhin 22 piso 7 oficina 704,<br \/>\r\nCol. Cuauht\u00e9moc, C.P. 06500 CDMX. <\/div><\/div><\/div><div class=\"bt_bb_separator bt_bb_bottom_spacing_normal bt_bb_border_style_none\"><\/div><\/div><\/div><div  class=\"bt_bb_column_inner col-md-4 col-ms-12 bt_bb_align_center bt_bb_vertical_align_top bt_bb_padding_normal\"  data-width=\"4\"><div class=\"bt_bb_column_inner_content\"><div class=\"bt_bb_service bt_bb_color_scheme_4 bt_bb_style_borderless bt_bb_size_large bt_bb_shape_circle bt_bb_align_inherit bt_bb_vertical_align_top\"><span  data-ico-businesspeople=\"&#xe919;\" class=\"bt_bb_icon_holder\"><\/span><div class=\"bt_bb_service_content\"><div class=\"bt_bb_service_content_title\"><u>Ll\u00e1manos<\/u><\/div><div class=\"bt_bb_service_content_text\">+52 55.53.99.40.96<br \/>\r\n<b>Whatsapp<\/b><br \/>\r\n+52 56.19.87.30.96<\/div><\/div><\/div><div class=\"bt_bb_separator bt_bb_bottom_spacing_normal bt_bb_border_style_none\"><\/div><\/div><\/div><div  class=\"bt_bb_column_inner col-md-4 col-ms-12 bt_bb_align_center bt_bb_vertical_align_top bt_bb_padding_normal\"  data-width=\"4\"><div class=\"bt_bb_column_inner_content\"><div class=\"bt_bb_service bt_bb_color_scheme_4 bt_bb_style_borderless bt_bb_size_large bt_bb_shape_circle bt_bb_align_inherit bt_bb_vertical_align_top\"><span  data-ico-businesspeople=\"&#xe910;\" class=\"bt_bb_icon_holder\"><\/span><div class=\"bt_bb_service_content\"><div class=\"bt_bb_service_content_title\"><u>Escr\u00edbenos<\/u><\/div><div class=\"bt_bb_service_content_text\">info@bbglobal.mx<\/div><\/div><\/div><div class=\"bt_bb_separator bt_bb_bottom_spacing_normal bt_bb_border_style_none\"><\/div><\/div><\/div><\/div><\/div><\/div><\/div><\/div><\/div><\/div><\/div><\/section><section id=\"bt_bb_section69e58f24b15bd\"  class=\"bt_bb_section bt_bb_bottom_spacing_medium bt_bb_layout_boxed_1200 bt_bb_vertical_align_top bt_bb_section_show_right_boxed_content\" ><div class=\"bt_bb_port\"><div class=\"bt_bb_cell\"><div class=\"bt_bb_cell_inner\"><div class=\"bt_bb_row_wrapper\"><div  class=\"bt_bb_row\" ><div  class=\"bt_bb_column col-md-6 col-sm-12 bt_bb_align_right bt_bb_vertical_align_middle bt_bb_animation_fade_in animate bt_bb_padding_double\"  data-width=\"6\"><div class=\"bt_bb_column_content\"><div class=\"bt_bb_google_maps bt_bb_map bt_bb_google_maps_with_coverage_image\" style=\"max-width: 850px; margin-left: auto;\" data-center=\"yes\"><div class=\"bt_bb_map_coverage_image\"><img src=\"https:\/\/es.bbglobal.mx\/wp-content\/uploads\/2020\/10\/img-map-cover2.png\" alt=\"bt_bb_google_maps_coverage_image\" \/><\/div><div class=\"bt_bb_google_maps_map bt_bb_map_map\" id=\"map_canvas69e58f24b1897\" style=\"height:850px\"><\/div><div class=\"bt_bb_google_maps_location bt_bb_map_location bt_bb_google_maps_location_without_content bt_bb_map_location_without_content\" data-lat=\"19.433002\" data-lng=\"-99.165183\" data-icon=\"https:\/\/es.bbglobal.mx\/wp-content\/uploads\/2019\/04\/map-pin.png\"><\/div><\/div><script type=\"text\/javascript\">var bt_bb_google_map_map_canvas69e58f24b1897_init_finished = false; document.addEventListener(\"readystatechange\", function() { if ( !bt_bb_google_map_map_canvas69e58f24b1897_init_finished && ( document.readyState === \"interactive\" || document.readyState === \"complete\" ) ) { if ( typeof( bt_bb_gmap_init ) !== typeof(Function) ) { return false; }bt_bb_gmap_init( \"map_canvas69e58f24b1897\", 18, \"WwogIHsKICAgICJlbGVtZW50VHlwZSI6ICJnZW9tZXRyeSIsCiAgICAic3R5bGVycyI6IFsKICAgICAgewogICAgICAgICJjb2xvciI6ICIjZjVmNWY1IgogICAgICB9CiAgICBdCiAgfSwKICB7CiAgICAiZWxlbWVudFR5cGUiOiAibGFiZWxzLmljb24iLAogICAgInN0eWxlcnMiOiBbCiAgICAgIHsKICAgICAgICAidmlzaWJpbGl0eSI6ICJvZmYiCiAgICAgIH0KICAgIF0KICB9LAogIHsKICAgICJlbGVtZW50VHlwZSI6ICJsYWJlbHMudGV4dC5maWxsIiwKICAgICJzdHlsZXJzIjogWwogICAgICB7CiAgICAgICAgImNvbG9yIjogIiM2MTYxNjEiCiAgICAgIH0KICAgIF0KICB9LAogIHsKICAgICJlbGVtZW50VHlwZSI6ICJsYWJlbHMudGV4dC5zdHJva2UiLAogICAgInN0eWxlcnMiOiBbCiAgICAgIHsKICAgICAgICAiY29sb3IiOiAiI2Y1ZjVmNSIKICAgICAgfQogICAgXQogIH0sCiAgewogICAgImZlYXR1cmVUeXBlIjogImFkbWluaXN0cmF0aXZlLmxhbmRfcGFyY2VsIiwKICAgICJlbGVtZW50VHlwZSI6ICJsYWJlbHMudGV4dC5maWxsIiwKICAgICJzdHlsZXJzIjogWwogICAgICB7CiAgICAgICAgImNvbG9yIjogIiNiZGJkYmQiCiAgICAgIH0KICAgIF0KICB9LAogIHsKICAgICJmZWF0dXJlVHlwZSI6ICJwb2kiLAogICAgImVsZW1lbnRUeXBlIjogImdlb21ldHJ5IiwKICAgICJzdHlsZXJzIjogWwogICAgICB7CiAgICAgICAgImNvbG9yIjogIiNlZWVlZWUiCiAgICAgIH0KICAgIF0KICB9LAogIHsKICAgICJmZWF0dXJlVHlwZSI6ICJwb2kiLAogICAgImVsZW1lbnRUeXBlIjogImxhYmVscy50ZXh0LmZpbGwiLAogICAgInN0eWxlcnMiOiBbCiAgICAgIHsKICAgICAgICAiY29sb3IiOiAiIzc1NzU3NSIKICAgICAgfQogICAgXQogIH0sCiAgewogICAgImZlYXR1cmVUeXBlIjogInBvaS5wYXJrIiwKICAgICJlbGVtZW50VHlwZSI6ICJnZW9tZXRyeSIsCiAgICAic3R5bGVycyI6IFsKICAgICAgewogICAgICAgICJjb2xvciI6ICIjZTVlNWU1IgogICAgICB9CiAgICBdCiAgfSwKICB7CiAgICAiZmVhdHVyZVR5cGUiOiAicG9pLnBhcmsiLAogICAgImVsZW1lbnRUeXBlIjogImxhYmVscy50ZXh0LmZpbGwiLAogICAgInN0eWxlcnMiOiBbCiAgICAgIHsKICAgICAgICAiY29sb3IiOiAiIzllOWU5ZSIKICAgICAgfQogICAgXQogIH0sCiAgewogICAgImZlYXR1cmVUeXBlIjogInJvYWQiLAogICAgImVsZW1lbnRUeXBlIjogImdlb21ldHJ5IiwKICAgICJzdHlsZXJzIjogWwogICAgICB7CiAgICAgICAgImNvbG9yIjogIiNmZmZmZmYiCiAgICAgIH0KICAgIF0KICB9LAogIHsKICAgICJmZWF0dXJlVHlwZSI6ICJyb2FkLmFydGVyaWFsIiwKICAgICJlbGVtZW50VHlwZSI6ICJsYWJlbHMudGV4dC5maWxsIiwKICAgICJzdHlsZXJzIjogWwogICAgICB7CiAgICAgICAgImNvbG9yIjogIiM3NTc1NzUiCiAgICAgIH0KICAgIF0KICB9LAogIHsKICAgICJmZWF0dXJlVHlwZSI6ICJyb2FkLmhpZ2h3YXkiLAogICAgImVsZW1lbnRUeXBlIjogImdlb21ldHJ5IiwKICAgICJzdHlsZXJzIjogWwogICAgICB7CiAgICAgICAgImNvbG9yIjogIiNkYWRhZGEiCiAgICAgIH0KICAgIF0KICB9LAogIHsKICAgICJmZWF0dXJlVHlwZSI6ICJyb2FkLmhpZ2h3YXkiLAogICAgImVsZW1lbnRUeXBlIjogImxhYmVscy50ZXh0LmZpbGwiLAogICAgInN0eWxlcnMiOiBbCiAgICAgIHsKICAgICAgICAiY29sb3IiOiAiIzYxNjE2MSIKICAgICAgfQogICAgXQogIH0sCiAgewogICAgImZlYXR1cmVUeXBlIjogInJvYWQubG9jYWwiLAogICAgImVsZW1lbnRUeXBlIjogImxhYmVscy50ZXh0LmZpbGwiLAogICAgInN0eWxlcnMiOiBbCiAgICAgIHsKICAgICAgICAiY29sb3IiOiAiIzllOWU5ZSIKICAgICAgfQogICAgXQogIH0sCiAgewogICAgImZlYXR1cmVUeXBlIjogInRyYW5zaXQubGluZSIsCiAgICAiZWxlbWVudFR5cGUiOiAiZ2VvbWV0cnkiLAogICAgInN0eWxlcnMiOiBbCiAgICAgIHsKICAgICAgICAiY29sb3IiOiAiI2U1ZTVlNSIKICAgICAgfQogICAgXQogIH0sCiAgewogICAgImZlYXR1cmVUeXBlIjogInRyYW5zaXQuc3RhdGlvbiIsCiAgICAiZWxlbWVudFR5cGUiOiAiZ2VvbWV0cnkiLAogICAgInN0eWxlcnMiOiBbCiAgICAgIHsKICAgICAgICAiY29sb3IiOiAiI2VlZWVlZSIKICAgICAgfQogICAgXQogIH0sCiAgewogICAgImZlYXR1cmVUeXBlIjogIndhdGVyIiwKICAgICJlbGVtZW50VHlwZSI6ICJnZW9tZXRyeSIsCiAgICAic3R5bGVycyI6IFsKICAgICAgewogICAgICAgICJjb2xvciI6ICIjYzljOWM5IgogICAgICB9CiAgICBdCiAgfSwKICB7CiAgICAiZmVhdHVyZVR5cGUiOiAid2F0ZXIiLAogICAgImVsZW1lbnRUeXBlIjogImxhYmVscy50ZXh0LmZpbGwiLAogICAgInN0eWxlcnMiOiBbCiAgICAgIHsKICAgICAgICAiY29sb3IiOiAiIzllOWU5ZSIKICAgICAgfQogICAgXQogIH0KXQ==\" );bt_bb_google_map_map_canvas69e58f24b1897_init_finished = true; };}, false);<\/script><div class=\"bt_bb_separator bt_bb_bottom_spacing_medium bt_bb_border_style_none bt_bb_hidden_md bt_bb_hidden_lg\"><\/div><\/div><\/div><div  class=\"bt_bb_column col-md-6 col-sm-12 bt_bb_align_left bt_bb_vertical_align_middle bt_bb_animation_fade_in move_up animate bt_bb_padding_normal\"  data-width=\"6\"><div class=\"bt_bb_column_content\"><div class=\"bt_bb_separator bt_bb_top_spacing_small bt_bb_bottom_spacing_normal bt_bb_border_style_none bt_bb_hidden_xs bt_bb_hidden_ms bt_bb_hidden_sm\"><\/div><div class=\"bt_bb_contact_form_7\"><div role=\"form\" class=\"wpcf7\" id=\"wpcf7-f1521-o1\" lang=\"en-US\" dir=\"ltr\">\n<div class=\"screen-reader-response\" role=\"alert\" aria-live=\"polite\"><\/div>\n<form action=\"\/index.php?rest_route=%2Fwp%2Fv2%2Fpages%2F1601#wpcf7-f1521-o1\" method=\"post\" class=\"wpcf7-form init\" novalidate=\"novalidate\">\n<div style=\"display: none;\">\n<input type=\"hidden\" name=\"_wpcf7\" value=\"1521\" \/>\n<input type=\"hidden\" name=\"_wpcf7_version\" value=\"5.2.2\" \/>\n<input type=\"hidden\" name=\"_wpcf7_locale\" value=\"en_US\" \/>\n<input type=\"hidden\" name=\"_wpcf7_unit_tag\" value=\"wpcf7-f1521-o1\" \/>\n<input type=\"hidden\" name=\"_wpcf7_container_post\" value=\"0\" \/>\n<input type=\"hidden\" name=\"_wpcf7_posted_data_hash\" value=\"\" \/>\n<\/div>\n<div class=\"bt_bb_cf7_form\">\n<div class=\"bt_bb_cf7_row\">\n<div class=\"bt_bb_cf7_element\">Los campos obligatorios est\u00e1n marcados con *<\/div>\n<\/div>\n<div class=\"bt_bb_cf7_row\">\n<div class=\"bt_bb_cf7_element\"><label><span class=\"bt_bb_required\">Nombre<\/span><br \/>\n    <span class=\"wpcf7-form-control-wrap your-name\"><input type=\"text\" name=\"your-name\" value=\"\" size=\"40\" class=\"wpcf7-form-control wpcf7-text wpcf7-validates-as-required\" aria-required=\"true\" aria-invalid=\"false\" placeholder=\"Nombre\" \/><\/span><\/label><\/div>\n<\/div>\n<div class=\"bt_bb_cf7_row\">\n<div class=\"bt_bb_cf7_element\"><label><span class=\"bt_bb_required\">Email<\/span><br \/>\n    <span class=\"wpcf7-form-control-wrap your-email\"><input type=\"email\" name=\"your-email\" value=\"\" size=\"40\" class=\"wpcf7-form-control wpcf7-text wpcf7-email wpcf7-validates-as-required wpcf7-validates-as-email\" aria-required=\"true\" aria-invalid=\"false\" placeholder=\"Email\" \/><\/span><\/label><\/div>\n<\/div>\n<div class=\"bt_bb_cf7_row\">\n<div class=\"bt_bb_cf7_element\"><label>Servicio<br \/>\n    <span class=\"wpcf7-form-control-wrap your-subject\"><input type=\"text\" name=\"your-subject\" value=\"\" size=\"40\" class=\"wpcf7-form-control wpcf7-text\" aria-invalid=\"false\" placeholder=\"\u00bfDe que servicio deseas preguntar?\" \/><\/span><\/label><\/div>\n<\/div>\n<div class=\"bt_bb_cf7_row\">\n<div class=\"bt_bb_cf7_element\"><label><span class=\"bt_bb_required\">Mensaje<\/span><br \/>\n    <span class=\"wpcf7-form-control-wrap your-message\"><textarea name=\"your-message\" cols=\"40\" rows=\"6\" class=\"wpcf7-form-control wpcf7-textarea wpcf7-validates-as-required\" aria-required=\"true\" aria-invalid=\"false\" placeholder=\"Escribe tu mensaje\"><\/textarea><\/span><\/label><\/div>\n<\/div>\n<div class=\"bt_bb_cf7_row\">\n<div class=\"bt_bb_cf7_button bt_bb_cf7_element\"><input type=\"submit\" value=\"Enviar...\" class=\"wpcf7-form-control wpcf7-submit\" \/><\/div>\n<\/div>\n<\/div>\n<div class=\"wpcf7-response-output\" role=\"alert\" aria-hidden=\"true\"><\/div><\/form><\/div><\/div><div  class=\"bt_bb_text\" ><p><small>Este sitio est\u00e1 protegido por reCAPTCHA y se aplican la <a href=\"https:\/\/policies.google.com\/privacy\">aviso de privacidad<\/a> y los <a href=\"https:\/\/policies.google.com\/terms\">t\u00e9rminos de servicio<\/a> de Google.<\/small><\/p>\n<\/div><\/div><\/div><\/div><\/div><\/div><\/div><\/div><\/section><section id=\"bt_bb_section69e58f24b3170\"  data-background_image_src=\"'https:\/\/es.bbglobal.mx\/wp-content\/uploads\/2019\/04\/bgn-searching.png'\" class=\"bt_bb_section bt_bb_bottom_spacing_large bt_bb_layout_boxed_1400 bt_bb_vertical_align_top btLazyLoadBackground bt_bb_background_image\" style=\"background-image:url(&#039;https:\/\/es.bbglobal.mx\/wp-content\/plugins\/bold-page-builder\/img\/blank.gif&#039;);;background-color:#f5f5f5;background-position:bottom;\"><div class=\"bt_bb_port\"><div class=\"bt_bb_cell\"><div class=\"bt_bb_cell_inner\"><div class=\"bt_bb_row_wrapper\"><div  class=\"bt_bb_row\" ><div  class=\"bt_bb_column col-md-12 col-ms-12 bt_bb_align_left bt_bb_vertical_align_top bt_bb_padding_normal btLazyLoadBackground bt_bb_column_background_image\" style=\"background-color: rgba(33, 88, 119, 1);background-image:url(&#039;https:\/\/es.bbglobal.mx\/wp-content\/plugins\/bold-page-builder\/img\/blank.gif&#039;);\" data-background_image_src='https:\/\/es.bbglobal.mx\/wp-content\/uploads\/2019\/04\/bgn-searching.jpg' data-width=\"12\"><div class=\"bt_bb_column_content\"><div class=\"bt_bb_separator bt_bb_top_spacing_medium bt_bb_bottom_spacing_medium bt_bb_border_style_none\"><\/div><div  class=\"bt_bb_row_inner bt_bb_hidden_xs bt_bb_hidden_ms bt_bb_hidden_sm\" style=\"max-width: 1200px; margin-left: auto; margin-right: auto;\"><div  class=\"bt_bb_column_inner col-md-8 col-ms-12 bt_bb_align_left bt_bb_vertical_align_top bt_bb_animation_fade_in animate bt_bb_padding_normal\"  data-width=\"8\"><div class=\"bt_bb_column_inner_content\"><header class=\"bt_bb_headline bt_bb_color_scheme_1 bt_bb_dash_top bt_bb_size_medium bt_bb_superheadline bt_bb_align_inherit\"><div class=\"bt_bb_headline_superheadline_outside\"><span class=\"bt_bb_headline_superheadline\">OBT\u00c9N SOLUCIONES INMEDIATAS <\/span><\/div><h3><span class=\"bt_bb_headline_content\"><span>\u00bfBusca una consultor\u00eda integral que cubra servicios legales y contables tributarios?<\/span><\/span><\/h3><\/header><\/div><\/div><div  class=\"bt_bb_column_inner col-md-4 col-ms-12 bt_bb_align_left bt_bb_vertical_align_middle bt_bb_animation_fade_in animate bt_bb_padding_normal\"  data-width=\"4\"><div class=\"bt_bb_column_inner_content\"><div class=\"bt_bb_button bt_bb_icon_position_left bt_bb_color_scheme_6 bt_bb_style_filled bt_bb_size_normal bt_bb_width_inline bt_bb_shape_inherit bt_bb_align_right\"><a href=\"#\" target=\"_self\" class=\"bt_bb_link\" title=\"Cont\u00e1ctanos\"><span class=\"bt_bb_button_text\">Cont\u00e1ctanos<\/span><\/a><\/div><\/div><\/div><\/div><div class=\"bt_bb_separator bt_bb_top_spacing_medium bt_bb_bottom_spacing_medium bt_bb_border_style_none\"><\/div><\/div><\/div><\/div><\/div><\/div><\/div><\/div><\/section><\/div>","protected":false},"excerpt":{"rendered":"<p>Es un gusto atenderlo, no dude en solicitar una propuesta de servicio.<br \/>\nSu informaci\u00f3n est\u00e1 protegida por las leyes de no divulgaci\u00f3n en M\u00e9xico. <a href=\"http:\/\/es.bbglobal.mx\/?page_id=3\">*Aviso de privacidad*<\/a><\/p>\n","protected":false},"author":1,"featured_media":1819,"parent":0,"menu_order":0,"comment_status":"closed","ping_status":"closed","template":"","meta":[],"_links":{"self":[{"href":"https:\/\/es.bbglobal.mx\/index.php?rest_route=\/wp\/v2\/pages\/1601"}],"collection":[{"href":"https:\/\/es.bbglobal.mx\/index.php?rest_route=\/wp\/v2\/pages"}],"about":[{"href":"https:\/\/es.bbglobal.mx\/index.php?rest_route=\/wp\/v2\/types\/page"}],"author":[{"embeddable":true,"href":"https:\/\/es.bbglobal.mx\/index.php?rest_route=\/wp\/v2\/users\/1"}],"replies":[{"embeddable":true,"href":"https:\/\/es.bbglobal.mx\/index.php?rest_route=%2Fwp%2Fv2%2Fcomments&post=1601"}],"version-history":[{"count":23,"href":"https:\/\/es.bbglobal.mx\/index.php?rest_route=\/wp\/v2\/pages\/1601\/revisions"}],"predecessor-version":[{"id":2810,"href":"https:\/\/es.bbglobal.mx\/index.php?rest_route=\/wp\/v2\/pages\/1601\/revisions\/2810"}],"wp:featuredmedia":[{"embeddable":true,"href":"https:\/\/es.bbglobal.mx\/index.php?rest_route=\/wp\/v2\/media\/1819"}],"wp:attachment":[{"href":"https:\/\/es.bbglobal.mx\/index.php?rest_route=%2Fwp%2Fv2%2Fmedia&parent=1601"}],"curies":[{"name":"wp","href":"https:\/\/api.w.org\/{rel}","templated":true}]}}